{"id":820,"date":"2021-03-03T19:30:57","date_gmt":"2021-03-03T17:30:57","guid":{"rendered":"https:\/\/www.mikovskalica.sk\/contact\/"},"modified":"2023-09-06T19:46:28","modified_gmt":"2023-09-06T17:46:28","slug":"contact","status":"publish","type":"page","link":"https:\/\/old.mikovskalica.sk\/en\/contact\/","title":{"rendered":"Contact"},"content":{"rendered":"<section class=\"wpb-content-wrapper\"><p>[vc_row][vc_column width=&#8221;1\/3&#8243;][vc_column_text]<\/p>\n<blockquote style=\"color: #000000;\">\n<p align=\"left\"><span class=\"style2\"><strong>MIKOV Skalica spol. s r.o. <\/strong><\/span><\/p>\n<p align=\"left\"><span class=\"style2\"> Dr. G. Schaeffler 12<\/span><\/p>\n<p align=\"left\"><span class=\"style2\"> 909 01 Skalica<\/span><\/p>\n<p align=\"left\"><span class=\"style2\"> Slovak Republic<\/span><\/p>\n<\/blockquote>\n<p>[\/vc_column_text][vc_column_text]<\/p>\n<div style=\"color: #000000;\" align=\"left\">\n<blockquote>\n<p class=\"style2\"><strong>Executives: <\/strong><\/p>\n<p class=\"style2\"><a style=\"font-weight: bold; color: #0376c7;\" href=\"mailto:smisa@mikovskalica.sk\">Ing. \u0160tefan Mi\u0161a<\/a> &#8211; smisa@mikovskalica.sk<\/p>\n<p class=\"style2\"><a style=\"font-weight: bold; color: #0376c7;\" href=\"mailto:stefanmisa@mikovskalica.sk\">\u0160tefan Mi\u0161a<\/a> &#8211; stefanmisa@mikovskalica.sk<\/p>\n<p class=\"style2\"><a style=\"font-weight: bold; color: #0376c7;\" href=\"mailto:petermisa@mikovskalica.sk\">Peter Mi\u0161a<\/a> &#8211; petermisa@mikovskalica.sk<\/p>\n<p class=\"style2\"><span class=\"style1\" style=\"font-weight: bold; color: #007ac7;\">Telephone and FAX <\/span><\/p>\n<p class=\"style2\">Phone number:<strong> +421 34 664 8928 <\/strong> <\/p>\n<p class=\"style2\">FAX number: <strong>+421 34 660 1114<\/strong><\/p>\n<p class=\"style2\"><span class=\"style1\" style=\"font-weight: bold; color: #007ac7;\">Further information <\/span><\/p>\n<p class=\"style2\"><strong>ID:<\/strong> 36267881<\/p>\n<p class=\"style2\"><strong>VAT NUMBER:<\/strong> SK2021934959<\/p>\n<p class=\"style2\"><strong>Account number:<\/strong> 4002014455\/7500 (\u010cSOB)<\/p>\n<p class=\"style2\">The company is registered at the <strong>Trnava District Court<\/strong>, Section: <strong>Sro<\/strong>, Entry No.: <strong>16563\/T<\/strong><\/p>\n<p class=\"style2\">Reference to the <a style=\"font-weight: bold; color: #0376c7;\" href=\"http:\/\/www.orsr.sk\/vypis.asp?ID=49746&amp;SID=7&amp;P=0\" target=\"_blank\" rel=\"noopener noreferrer\">commercial register<\/a>.<\/p>\n<\/blockquote>\n<\/div>\n<p>[\/vc_column_text][\/vc_column][vc_column width=&#8221;2\/3&#8243;][vc_gmaps link=&#8221;#E-8_JTNDaWZyYW1lJTIwc3JjJTNEJTIyaHR0cHMlM0ElMkYlMkZ3d3cuZ29vZ2xlLmNvbSUyRm1hcHMlMkZlbWJlZCUzRnBiJTNEJTIxMW0xOCUyMTFtMTIlMjExbTMlMjExZDI2MjUuNDAzMDA4NTI4OTQyJTIxMmQxNy4yMTYxODAwMDAwMDAwMSUyMTNkNDguODUwNTI1MDAwMDAwMDA1JTIxMm0zJTIxMWYwJTIxMmYwJTIxM2YwJTIxM20yJTIxMWkxMDI0JTIxMmk3NjglMjE0ZjEzLjElMjEzbTMlMjExbTIlMjExczB4NDcxMzMwNGVhYmEwNDgwMyUyNTNBMHgxYWEyZWIzMjAxZDhjZDc3JTIxMnNNSUtPViUyQlNrYWxpY2ElMkJzcG9sLiUyQnMlMkJyLm8uJTIxNWUwJTIxM20yJTIxMXNzayUyMTJzc2slMjE0djE0MDY1ODYwNDc3MzglMjIlMjB3aWR0aCUzRCUyMjYwMCUyMiUyMGhlaWdodCUzRCUyMjQ1MCUyMiUyMGZyYW1lYm9yZGVyJTNEJTIyMCUyMiUyMHN0eWxlJTNEJTIyYm9yZGVyJTNBMCUyMiUzRSUzQyUyRmlmcmFtZSUzRQ==&#8221;][\/vc_column][\/vc_row]<\/p>\n<\/section>","protected":false},"excerpt":{"rendered":"<p>[vc_row][vc_column width=&#8221;1\/3&#8243;][vc_column_text] MIKOV Skalica spol. s r.o. Dr. G. Schaeffler 12 909 01 Skalica Slovak Republic [\/vc_column_text][vc_column_text] Executives: Ing. \u0160tefan Mi\u0161a &#8211; smisa@mikovskalica.sk \u0160tefan Mi\u0161a &#8211; stefanmisa@mikovskalica.sk Peter Mi\u0161a &#8211; petermisa@mikovskalica.sk Telephone and FAX Phone number: +421 34 664 8928 FAX number: +421 34 660 1114 Further information ID: 36267881&hellip; <\/p>\n","protected":false},"author":4,"featured_media":0,"parent":0,"menu_order":0,"comment_status":"closed","ping_status":"closed","template":"","meta":{"footnotes":""},"_links":{"self":[{"href":"https:\/\/old.mikovskalica.sk\/en\/wp-json\/wp\/v2\/pages\/820"}],"collection":[{"href":"https:\/\/old.mikovskalica.sk\/en\/wp-json\/wp\/v2\/pages"}],"about":[{"href":"https:\/\/old.mikovskalica.sk\/en\/wp-json\/wp\/v2\/types\/page"}],"author":[{"embeddable":true,"href":"https:\/\/old.mikovskalica.sk\/en\/wp-json\/wp\/v2\/users\/4"}],"replies":[{"embeddable":true,"href":"https:\/\/old.mikovskalica.sk\/en\/wp-json\/wp\/v2\/comments?post=820"}],"version-history":[{"count":2,"href":"https:\/\/old.mikovskalica.sk\/en\/wp-json\/wp\/v2\/pages\/820\/revisions"}],"predecessor-version":[{"id":822,"href":"https:\/\/old.mikovskalica.sk\/en\/wp-json\/wp\/v2\/pages\/820\/revisions\/822"}],"wp:attachment":[{"href":"https:\/\/old.mikovskalica.sk\/en\/wp-json\/wp\/v2\/media?parent=820"}],"curies":[{"name":"wp","href":"https:\/\/api.w.org\/{rel}","templated":true}]}}