{"id":796,"date":"2021-05-28T22:21:10","date_gmt":"2021-05-28T20:21:10","guid":{"rendered":"https:\/\/www.mikovskalica.sk\/products\/"},"modified":"2023-09-06T21:16:40","modified_gmt":"2023-09-06T19:16:40","slug":"products","status":"publish","type":"page","link":"https:\/\/old.mikovskalica.sk\/en\/products\/","title":{"rendered":"Products"},"content":{"rendered":"<section class=\"wpb-content-wrapper\"><p>[vc_row][vc_column][vc_column_text]<\/p>\n<h3>Automotive industry<\/h3>\n<p>[\/vc_column_text][vc_gallery type=&#8221;image_grid&#8221; images=&#8221;64,65,66,67,68,69,70&#8243; img_size=&#8221;150&#215;100&#8243;][\/vc_column][\/vc_row][vc_row][vc_column][vc_column_text]<\/p>\n<h3>Electro industry<\/h3>\n<p>[\/vc_column_text][vc_gallery type=&#8221;image_grid&#8221; images=&#8221;73,74,75,76,77&#8243; img_size=&#8221;150&#215;100&#8243;][\/vc_column][\/vc_row][vc_row][vc_column][vc_column_text]<\/p>\n<h3>Furniture industry<\/h3>\n<p>[\/vc_column_text][vc_gallery type=&#8221;image_grid&#8221; images=&#8221;78,79,80,81&#8243; img_size=&#8221;150&#215;100&#8243;][\/vc_column][\/vc_row][vc_row][vc_column][vc_column_text]<\/p>\n<h3>Riveting<\/h3>\n<p>[\/vc_column_text][vc_gallery type=&#8221;image_grid&#8221; images=&#8221;82,83&#8243; img_size=&#8221;150&#215;100&#8243;][\/vc_column][\/vc_row][vc_row][vc_column][vc_column_text]<\/p>\n<h3>Other<\/h3>\n<p>[\/vc_column_text][vc_gallery type=&#8221;image_grid&#8221; images=&#8221;88,89,90,72,71&#8243; img_size=&#8221;150&#215;100&#8243;][vc_column_text]<\/p>\n<h3>Building supports:<\/h3>\n<p>Small support Large support[\/vc_column_text][vc_gallery type=&#8221;image_grid&#8221; images=&#8221;495,494&#8243; img_size=&#8221;150&#215;100&#8243; css=&#8221;.vc_custom_1639485130568{background-image: url(https:\/\/www.mikovskalica.sk\/wp-content\/uploads\/2021\/12\/Stavebn\u00e1-podpera-mal\u00e1-kozi\u010dka-1.jpg?id=496) !important;}&#8221;][\/vc_column][\/vc_row]<\/p>\n<\/section>","protected":false},"excerpt":{"rendered":"<p>[vc_row][vc_column][vc_column_text] Automotive industry [\/vc_column_text][vc_gallery type=&#8221;image_grid&#8221; images=&#8221;64,65,66,67,68,69,70&#8243; img_size=&#8221;150&#215;100&#8243;][\/vc_column][\/vc_row][vc_row][vc_column][vc_column_text] Electro industry [\/vc_column_text][vc_gallery type=&#8221;image_grid&#8221; images=&#8221;73,74,75,76,77&#8243; img_size=&#8221;150&#215;100&#8243;][\/vc_column][\/vc_row][vc_row][vc_column][vc_column_text] Furniture industry [\/vc_column_text][vc_gallery type=&#8221;image_grid&#8221; images=&#8221;78,79,80,81&#8243; img_size=&#8221;150&#215;100&#8243;][\/vc_column][\/vc_row][vc_row][vc_column][vc_column_text] Riveting [\/vc_column_text][vc_gallery type=&#8221;image_grid&#8221; images=&#8221;82,83&#8243; img_size=&#8221;150&#215;100&#8243;][\/vc_column][\/vc_row][vc_row][vc_column][vc_column_text] Other [\/vc_column_text][vc_gallery type=&#8221;image_grid&#8221; images=&#8221;88,89,90,72,71&#8243; img_size=&#8221;150&#215;100&#8243;][vc_column_text] Building supports: Small support Large support[\/vc_column_text][vc_gallery type=&#8221;image_grid&#8221; images=&#8221;495,494&#8243; img_size=&#8221;150&#215;100&#8243; css=&#8221;.vc_custom_1639485130568{background-image: url(https:\/\/www.mikovskalica.sk\/wp-content\/uploads\/2021\/12\/Stavebn\u00e1-podpera-mal\u00e1-kozi\u010dka-1.jpg?id=496) !important;}&#8221;][\/vc_column][\/vc_row]<\/p>\n","protected":false},"author":4,"featured_media":0,"parent":0,"menu_order":0,"comment_status":"closed","ping_status":"closed","template":"","meta":{"footnotes":""},"_links":{"self":[{"href":"https:\/\/old.mikovskalica.sk\/en\/wp-json\/wp\/v2\/pages\/796"}],"collection":[{"href":"https:\/\/old.mikovskalica.sk\/en\/wp-json\/wp\/v2\/pages"}],"about":[{"href":"https:\/\/old.mikovskalica.sk\/en\/wp-json\/wp\/v2\/types\/page"}],"author":[{"embeddable":true,"href":"https:\/\/old.mikovskalica.sk\/en\/wp-json\/wp\/v2\/users\/4"}],"replies":[{"embeddable":true,"href":"https:\/\/old.mikovskalica.sk\/en\/wp-json\/wp\/v2\/comments?post=796"}],"version-history":[{"count":9,"href":"https:\/\/old.mikovskalica.sk\/en\/wp-json\/wp\/v2\/pages\/796\/revisions"}],"predecessor-version":[{"id":849,"href":"https:\/\/old.mikovskalica.sk\/en\/wp-json\/wp\/v2\/pages\/796\/revisions\/849"}],"wp:attachment":[{"href":"https:\/\/old.mikovskalica.sk\/en\/wp-json\/wp\/v2\/media?parent=796"}],"curies":[{"name":"wp","href":"https:\/\/api.w.org\/{rel}","templated":true}]}}