{"id":854,"date":"2021-05-19T17:40:09","date_gmt":"2021-05-19T15:40:09","guid":{"rendered":"https:\/\/www.mikovskalica.sk\/nachrichten\/"},"modified":"2021-05-19T17:40:09","modified_gmt":"2021-05-19T15:40:09","slug":"nachrichten","status":"publish","type":"page","link":"https:\/\/old.mikovskalica.sk\/de\/nachrichten\/","title":{"rendered":"Nachrichten"},"content":{"rendered":"<p><span style=\"color: #000000;\"> <\/span><\/p>\n<p><span style=\"color: #000000;\"> <\/span><span style=\"color: #000000;\">Lebenslauf und Bewerbungen sind zu richten an: smisa@mikovskalica.sk<\/span><\/p>\n<p>2016 haben wir eine R\u00f6sler Verputzmaschine gekauft<\/p>\n<p>In 9\/2017 haben wir eine MA.TE JL21-125 Exzenterpresse + Zuf\u00fchr-, Richt- und Abwickelvorrichtung gekauft. Damit haben wir unsere Produktionskapazit\u00e4t um eine zus\u00e4tzliche Presslinie erweitert.<\/p>\n<p>In 10\/2019 haben wir eine Exzenterpresse MA.TE MC -70 gekauft.<\/p>\n<p>In 10\/2020 haben wir eine JPNG 40 NC Fr\u00e4smaschine gekauft, die unsere Produktionsm\u00f6glichkeiten um Fr\u00e4sarbeiten erweitert.<\/p>\n<p><span style=\"color: #000000;\"> <\/span><\/p>\n","protected":false},"excerpt":{"rendered":"<p>Lebenslauf und Bewerbungen sind zu richten an: smisa@mikovskalica.sk 2016 haben wir eine R\u00f6sler Verputzmaschine gekauft In 9\/2017 haben wir eine MA.TE JL21-125 Exzenterpresse + Zuf\u00fchr-, Richt- und Abwickelvorrichtung gekauft. Damit haben wir unsere Produktionskapazit\u00e4t um eine zus\u00e4tzliche Presslinie erweitert. In 10\/2019 haben wir eine Exzenterpresse MA.TE MC -70 gekauft. In&hellip; <\/p>\n","protected":false},"author":4,"featured_media":0,"parent":0,"menu_order":0,"comment_status":"closed","ping_status":"closed","template":"","meta":{"footnotes":""},"_links":{"self":[{"href":"https:\/\/old.mikovskalica.sk\/de\/wp-json\/wp\/v2\/pages\/854"}],"collection":[{"href":"https:\/\/old.mikovskalica.sk\/de\/wp-json\/wp\/v2\/pages"}],"about":[{"href":"https:\/\/old.mikovskalica.sk\/de\/wp-json\/wp\/v2\/types\/page"}],"author":[{"embeddable":true,"href":"https:\/\/old.mikovskalica.sk\/de\/wp-json\/wp\/v2\/users\/4"}],"replies":[{"embeddable":true,"href":"https:\/\/old.mikovskalica.sk\/de\/wp-json\/wp\/v2\/comments?post=854"}],"version-history":[{"count":0,"href":"https:\/\/old.mikovskalica.sk\/de\/wp-json\/wp\/v2\/pages\/854\/revisions"}],"wp:attachment":[{"href":"https:\/\/old.mikovskalica.sk\/de\/wp-json\/wp\/v2\/media?parent=854"}],"curies":[{"name":"wp","href":"https:\/\/api.w.org\/{rel}","templated":true}]}}