{"id":840,"date":"2021-05-11T19:30:14","date_gmt":"2021-05-11T17:30:14","guid":{"rendered":"https:\/\/www.mikovskalica.sk\/produktionstechnik\/"},"modified":"2023-09-06T21:16:02","modified_gmt":"2023-09-06T19:16:02","slug":"produktionstechnik","status":"publish","type":"page","link":"https:\/\/old.mikovskalica.sk\/de\/produktionstechnik\/","title":{"rendered":"Produktionstechnik"},"content":{"rendered":"<section class=\"wpb-content-wrapper\"><p>[vc_row][vc_column][vc_column_text]<\/p>\n<h4 class=\"style1\" style=\"color: #007ac7;\"><strong>Hauptgegenstand der T\u00e4tigkeit<\/strong><\/h4>\n<ul style=\"color: #000000;\">\n<li class=\"style2\">\n<div align=\"left\">Umformung auf Exzenterpressen von 10 bis 250 t<\/div>\n<\/li>\n<li class=\"style2\">\n<div align=\"left\">Abschirmung<\/div>\n<\/li>\n<li class=\"style2\">\n<div align=\"left\">Schneiden von Material auf einer Bands\u00e4ge bis zu einem Durchmesser von 160 mm<\/div>\n<\/li>\n<li class=\"style2\">\n<div align=\"left\">Schneiden von Material bis zu einer Dicke von 6 mm und einer L\u00e4nge von 2.000 mm<\/div>\n<\/li>\n<li class=\"style2\">\n<div align=\"left\">Nieten<\/div>\n<\/li>\n<li class=\"style2\">\n<div align=\"left\">Gravurarbeiten an einer Kopierfr\u00e4smaschine<\/div>\n<\/li>\n<li class=\"style2\">\n<div align=\"left\">Schwei\u00dfen in<sub>CO2-Schutzatmosph\u00e4re<\/sub><\/div>\n<\/li>\n<li class=\"style2\">Verputzen (Gipsen) von Metallteilen<\/li>\n<li class=\"style2\">Arbeiten kontrollieren<\/li>\n<li class=\"style2\">Montagearbeiten<\/li>\n<\/ul>\n<h4 style=\"color: #007ac7;\"><strong>Verf\u00fcgbare Oberfl\u00e4chen<\/strong><\/h4>\n<ul class=\"style2\" style=\"color: #000000;\">\n<li>\n<div align=\"left\">Grundierung<\/div>\n<\/li>\n<li>\n<div align=\"left\">Pulverlacke<\/div>\n<\/li>\n<li>\n<div align=\"left\">Verzinkung oder Feuerverzinkung<\/div>\n<\/li>\n<\/ul>\n<p>[\/vc_column_text][vc_gallery type=&#8221;image_grid&#8221; images=&#8221;117,118,119,199,116,200,108&#8243; img_size=&#8221;220&#215;180&#8243;][\/vc_column][\/vc_row][vc_row][vc_column][vc_column_text]<\/p>\n<h4 class=\"style1\" style=\"color: #007ac7;\"><strong>Maschinenpark<\/strong><\/h4>\n<ul style=\"color: #000000;\">\n<li class=\"style2\">\n<div align=\"left\">Exzentrische Presse<\/div>\n<\/li>\n<li class=\"style2\">\n<div align=\"left\">Nietenpresse<\/div>\n<\/li>\n<li class=\"style2\">\n<div align=\"left\">Fr\u00e4smaschine<\/div>\n<\/li>\n<li class=\"style2\">\n<div align=\"left\">Bands\u00e4ge Bomar<\/div>\n<\/li>\n<li class=\"style2\">\n<div align=\"left\">Tafelschere<\/div>\n<\/li>\n<li class=\"style2\">R\u00f6sler-Schleifmaschinen<\/li>\n<li>Werkzeugfr\u00e4smaschine NC JPNG 40<\/li>\n<\/ul>\n<p>[\/vc_column_text][vc_gallery type=&#8221;image_grid&#8221; images=&#8221;195,196,202,203,109,396,395,428&#8243; img_size=&#8221;220&#215;180&#8243;][\/vc_column][\/vc_row]<\/p>\n<\/section>","protected":false},"excerpt":{"rendered":"<p>[vc_row][vc_column][vc_column_text] Hauptgegenstand der T\u00e4tigkeit Umformung auf Exzenterpressen von 10 bis 250 t Abschirmung Schneiden von Material auf einer Bands\u00e4ge bis zu einem Durchmesser von 160 mm Schneiden von Material bis zu einer Dicke von 6 mm und einer L\u00e4nge von 2.000 mm Nieten Gravurarbeiten an einer Kopierfr\u00e4smaschine Schwei\u00dfen inCO2-Schutzatmosph\u00e4re Verputzen&hellip; <\/p>\n","protected":false},"author":2,"featured_media":0,"parent":0,"menu_order":0,"comment_status":"closed","ping_status":"closed","template":"","meta":{"footnotes":""},"_links":{"self":[{"href":"https:\/\/old.mikovskalica.sk\/de\/wp-json\/wp\/v2\/pages\/840"}],"collection":[{"href":"https:\/\/old.mikovskalica.sk\/de\/wp-json\/wp\/v2\/pages"}],"about":[{"href":"https:\/\/old.mikovskalica.sk\/de\/wp-json\/wp\/v2\/types\/page"}],"author":[{"embeddable":true,"href":"https:\/\/old.mikovskalica.sk\/de\/wp-json\/wp\/v2\/users\/2"}],"replies":[{"embeddable":true,"href":"https:\/\/old.mikovskalica.sk\/de\/wp-json\/wp\/v2\/comments?post=840"}],"version-history":[{"count":2,"href":"https:\/\/old.mikovskalica.sk\/de\/wp-json\/wp\/v2\/pages\/840\/revisions"}],"predecessor-version":[{"id":842,"href":"https:\/\/old.mikovskalica.sk\/de\/wp-json\/wp\/v2\/pages\/840\/revisions\/842"}],"wp:attachment":[{"href":"https:\/\/old.mikovskalica.sk\/de\/wp-json\/wp\/v2\/media?parent=840"}],"curies":[{"name":"wp","href":"https:\/\/api.w.org\/{rel}","templated":true}]}}