{"id":815,"date":"2021-05-11T19:30:40","date_gmt":"2021-05-11T17:30:40","guid":{"rendered":"https:\/\/www.mikovskalica.sk\/referenzen\/"},"modified":"2021-05-11T19:30:40","modified_gmt":"2021-05-11T17:30:40","slug":"referenzen","status":"publish","type":"page","link":"https:\/\/old.mikovskalica.sk\/de\/referenzen\/","title":{"rendered":"Referenzen"},"content":{"rendered":"<p><span style=\"color: #000000;\">W\u00e4hrend des Bestehens unseres Unternehmens haben wir viele zufriedene Kunden gehabt.<\/span><br \/>\n<span style=\"color: #000000;\"> Zu den gegenw\u00e4rtigen Hauptpartnern geh\u00f6ren zum Beispiel:<\/span><\/p>\n<ul style=\"color: #000000;\">\n<li class=\"style2\">\n<h6><span style=\"color: #000000;\"><strong>Novibra Boskovice<\/strong>&nbsp;(Tschechische Republik)<\/span><\/h6>\n<\/li>\n<li class=\"style2\">\n<h6><span style=\"color: #000000;\"><strong>JESA&nbsp;<\/strong>(Schweiz)<\/span><\/h6>\n<\/li>\n<li class=\"style2\">\n<h6><span style=\"color: #000000;\"><strong>INA SKALICA&nbsp;<\/strong>(Slowakische Republik)<\/span><\/h6>\n<\/li>\n<li class=\"style2\">\n<h6><span style=\"color: #000000;\"><span class=\"schriftFettBlau\"><strong>Umformtechnik Stendal<\/strong>&nbsp;<\/span>(Deutschland)<\/span><\/h6>\n<\/li>\n<li class=\"style2\">\n<h6><span style=\"color: #000000;\"><strong>PHA Czech<\/strong>&nbsp;(Cesky Tesin, Tschechische Republik)<\/span><\/h6>\n<\/li>\n<li class=\"g\">\n<h6 class=\"s\"><span style=\"color: #000000;\"><strong>Proke\u0161 &amp; Co.SK&nbsp;<\/strong><span class=\"st\">(Oravsk\u00e1 Jasenica, Slowakische Republik)<\/span><\/span><\/h6>\n<\/li>\n<li class=\"style2\">\n<h6><span style=\"color: #000000;\"><strong>MEVA<\/strong>&nbsp;(Roudnice nad Labem, Tschechische Republik)<\/span><\/h6>\n<\/li>\n<li class=\"style2\">\n<h6><span style=\"color: #000000;\"><strong>Askoll Rum\u00e4nien<\/strong>&nbsp;(Rum\u00e4nien)<\/span><\/h6>\n<\/li>\n<\/ul>\n<p>&nbsp;<\/p>\n<p style=\"color: #000000;\">\n","protected":false},"excerpt":{"rendered":"<p>W\u00e4hrend des Bestehens unseres Unternehmens haben wir viele zufriedene Kunden gehabt. Zu den gegenw\u00e4rtigen Hauptpartnern geh\u00f6ren zum Beispiel: Novibra Boskovice&nbsp;(Tschechische Republik) JESA&nbsp;(Schweiz) INA SKALICA&nbsp;(Slowakische Republik) Umformtechnik Stendal&nbsp;(Deutschland) PHA Czech&nbsp;(Cesky Tesin, Tschechische Republik) Proke\u0161 &amp; Co.SK&nbsp;(Oravsk\u00e1 Jasenica, Slowakische Republik) MEVA&nbsp;(Roudnice nad Labem, Tschechische Republik) Askoll Rum\u00e4nien&nbsp;(Rum\u00e4nien) &nbsp;<\/p>\n","protected":false},"author":4,"featured_media":0,"parent":0,"menu_order":0,"comment_status":"closed","ping_status":"closed","template":"","meta":{"footnotes":""},"_links":{"self":[{"href":"https:\/\/old.mikovskalica.sk\/de\/wp-json\/wp\/v2\/pages\/815"}],"collection":[{"href":"https:\/\/old.mikovskalica.sk\/de\/wp-json\/wp\/v2\/pages"}],"about":[{"href":"https:\/\/old.mikovskalica.sk\/de\/wp-json\/wp\/v2\/types\/page"}],"author":[{"embeddable":true,"href":"https:\/\/old.mikovskalica.sk\/de\/wp-json\/wp\/v2\/users\/4"}],"replies":[{"embeddable":true,"href":"https:\/\/old.mikovskalica.sk\/de\/wp-json\/wp\/v2\/comments?post=815"}],"version-history":[{"count":0,"href":"https:\/\/old.mikovskalica.sk\/de\/wp-json\/wp\/v2\/pages\/815\/revisions"}],"wp:attachment":[{"href":"https:\/\/old.mikovskalica.sk\/de\/wp-json\/wp\/v2\/media?parent=815"}],"curies":[{"name":"wp","href":"https:\/\/api.w.org\/{rel}","templated":true}]}}