{"id":787,"date":"2021-05-29T22:44:04","date_gmt":"2021-05-29T20:44:04","guid":{"rendered":"https:\/\/www.mikovskalica.sk\/startseite\/"},"modified":"2021-05-29T22:44:04","modified_gmt":"2021-05-29T20:44:04","slug":"startseite","status":"publish","type":"page","link":"https:\/\/old.mikovskalica.sk\/de\/","title":{"rendered":"Startseite"},"content":{"rendered":"<h4 class=\"style1\" style=\"font-weight: bold; color: #007ac7; text-align: left;\">MIKOV Skalica spol. s r.o. <\/h4>\n<p class=\"style7\" style=\"color: #000000; text-align: left;\">MIKOV Skalica je rodinn\u00e1 firma, ktor\u00e1 bola zalo\u017een\u00e1 v&nbsp;roku 1998 otcom a dvoma synmi. Prv\u00fdch 7 rokov svojej existencie p\u00f4sobila ako zdru\u017eenie fyzick\u00fdch os\u00f4b.&nbsp;V janu\u00e1ri 2005 sa pretransformovala na spolo\u010dnos\u0165 s&nbsp;ru\u010den\u00edm obmedzen\u00fdm.&nbsp;Firma sa po\u010das svojej existencie rozr\u00e1stla a v s\u00fa\u010dasnosti zamestn\u00e1va vy\u0161e 20 zamestnancov.&nbsp;Hlavn\u00e1 \u010dinnos\u0165 je kovov\u00fdroba \u2013 technol\u00f3gia tv\u00e1rnenie.<\/p>\n<p class=\"style7\" style=\"color: #000000; text-align: left;\">Od decembra 2007 sme dr\u017eite\u013emi certifik\u00e1tu kvality&nbsp;<a style=\"font-weight: bold; color: #0376c7;\" href=\"http:\/\/old.mikovskalica.sk\/data\/zaz39_sk_z.pdf\" target=\"_blank\" rel=\"noopener noreferrer\">ISO 9001:2015<\/a>.<\/p>\n<p style=\"color: #000000; text-align: left;\">\n","protected":false},"excerpt":{"rendered":"<p>MIKOV Skalica spol. s r.o. MIKOV Skalica je rodinn\u00e1 firma, ktor\u00e1 bola zalo\u017een\u00e1 v&nbsp;roku 1998 otcom a dvoma synmi. Prv\u00fdch 7 rokov svojej existencie p\u00f4sobila ako zdru\u017eenie fyzick\u00fdch os\u00f4b.&nbsp;V janu\u00e1ri 2005 sa pretransformovala na spolo\u010dnos\u0165 s&nbsp;ru\u010den\u00edm obmedzen\u00fdm.&nbsp;Firma sa po\u010das svojej existencie rozr\u00e1stla a v s\u00fa\u010dasnosti zamestn\u00e1va vy\u0161e 20 zamestnancov.&nbsp;Hlavn\u00e1 \u010dinnos\u0165&hellip; <\/p>\n","protected":false},"author":4,"featured_media":0,"parent":0,"menu_order":0,"comment_status":"closed","ping_status":"closed","template":"","meta":{"footnotes":""},"_links":{"self":[{"href":"https:\/\/old.mikovskalica.sk\/de\/wp-json\/wp\/v2\/pages\/787"}],"collection":[{"href":"https:\/\/old.mikovskalica.sk\/de\/wp-json\/wp\/v2\/pages"}],"about":[{"href":"https:\/\/old.mikovskalica.sk\/de\/wp-json\/wp\/v2\/types\/page"}],"author":[{"embeddable":true,"href":"https:\/\/old.mikovskalica.sk\/de\/wp-json\/wp\/v2\/users\/4"}],"replies":[{"embeddable":true,"href":"https:\/\/old.mikovskalica.sk\/de\/wp-json\/wp\/v2\/comments?post=787"}],"version-history":[{"count":0,"href":"https:\/\/old.mikovskalica.sk\/de\/wp-json\/wp\/v2\/pages\/787\/revisions"}],"wp:attachment":[{"href":"https:\/\/old.mikovskalica.sk\/de\/wp-json\/wp\/v2\/media?parent=787"}],"curies":[{"name":"wp","href":"https:\/\/api.w.org\/{rel}","templated":true}]}}